{"id":108,"date":"2010-09-07T10:57:45","date_gmt":"2010-09-07T10:57:45","guid":{"rendered":"http:\/\/vefir.hi.is\/fum\/?page_id=108"},"modified":"2023-01-23T10:07:33","modified_gmt":"2023-01-23T10:07:33","slug":"timarit-um-menntarannsoknir","status":"publish","type":"page","link":"https:\/\/fum.is\/?page_id=108","title":{"rendered":"T\u00cdMARIT"},"content":{"rendered":"<p><strong>Augl\u00fdst er eftir fr\u00e6\u00f0ilegum greinum, \u00edtard\u00f3mum og ritd\u00f3mum \u00ed <em>T\u00edmarit um uppeldi og menntun<\/em><\/strong><\/p>\n<p><em>T\u00edmarit um uppeldi og menntun<\/em> augl\u00fdsir eftir fr\u00e6\u00f0ilegum greinum, \u00edtard\u00f3mum og ritd\u00f3mum. Augl\u00fdst er eftir greinum \u00ed s\u00ed\u00f0ara hefti \u00e1rsins 2016 sem kemur \u00fat \u00ed desember og b\u00e6\u00f0i hefti \u00e1rsins 2017, en \u00feau koma \u00fat \u00ed j\u00fan\u00ed og desember \u00ed b\u00e6\u00f0i hefti \u00e1rsins 2017, en \u00feau koma \u00fat \u00ed j\u00fan\u00ed og desember. Birting greina er h\u00e1\u00f0 \u00fev\u00ed a\u00f0 handrit s\u00e9 sam\u00feykkt eftir ritr\u00fdni. Skil greina eru ekki h\u00e1\u00f0 s\u00e9rst\u00f6kum skilafrestum heldur eru h\u00f6fundar hvattir til \u00feess a\u00f0 skila handritunum \u00feegar \u00feau eru tilb\u00fain.<\/p>\n<p><em>T\u00edmarit um uppeldi og menntun <\/em>er n\u00fdtt t\u00edmarit \u00e1 grunni tveggja eldri t\u00edmarita: <em>Uppeldis og menntunar <\/em>sem Menntav\u00edsindasvi\u00f0 H\u00e1sk\u00f3la \u00cdslands gaf \u00fat, lengst af \u00ed samvinnu vi\u00f0 H\u00e1sk\u00f3lann \u00e1 Akureyri, og <em>T\u00edmarits um menntaranns\u00f3knir<\/em>, sem F\u00e9lag um menntaranns\u00f3knir. Menntav\u00edsindasvi\u00f0 og F\u00e9lag um menntaranns\u00f3knir hafa n\u00fa teki\u00f0 h\u00f6ndum saman um \u00fatg\u00e1fu t\u00edmaritsins. Ritstj\u00f3rar t\u00edmaritsins eru tveir, Herm\u00edna Gunn\u00fe\u00f3rsd\u00f3ttir lektor vi\u00f0 H\u00e1sk\u00f3lann \u00e1 Akureyri og Ing\u00f3lfur \u00c1sgeir J\u00f3hannesson pr\u00f3fessor vi\u00f0 H\u00e1sk\u00f3la \u00cdslands.<\/p>\n<p>Einnig hefur form t\u00edmaritsins veri\u00f0 f\u00e6rt \u00ed n\u00fdtt vefumsj\u00f3narkerfi Open Journal Systems (ojs) sem mun halda utan um \u00fe\u00e1 ferla er sn\u00faa a\u00f0 \u00fatg\u00e1fu \u00feess. \u00deannig munu h\u00f6fundar senda allar greinar inn \u00ed kerfi\u00f0. Sl\u00f3\u00f0 \u00feess er <strong>ojshi.is\/tuuom. <\/strong>\u00dear eru einnig til sta\u00f0ar allar uppl\u00fdsingar um t\u00edmariti\u00f0, reglur og lei\u00f0beiningar fyrir h\u00f6funda.<strong> <\/strong>Teki\u00f0 er vi\u00f0 handritum \u00e1 \u00edslensku e\u00f0a ensku.<\/p>\n<p>Til a\u00f0 stofna a\u00f0gang a\u00f0 ojs-kerfinu \u00fearf a\u00f0 senda t\u00f6lvup\u00f3st \u00e1 <a href=\"mailto:tum@hi.is\">tum@hi.is<\/a> \u00fear sem verkefnisstj\u00f3ri veitir h\u00f6fundi a\u00f0gang a\u00f0 gagnagrunninum sem h\u00f6fundur notar svo til framt\u00ed\u00f0ar til a\u00f0 senda inn handrit til ritr\u00fdni e\u00f0a ef hann er be\u00f0inn um a\u00f0 ritr\u00fdna greinar.<\/p>\n<p>Kve\u00f0ja,<\/p>\n<p>Ritstj\u00f3rn TUM<\/p>\n<p>&nbsp;<\/p>\n<p>&nbsp;<\/p>\n<p>&nbsp;<\/p>\n<p>T\u00edmarit um menntaranns\u00f3knir (TUM) var gefi\u00f0 \u00fat af F\u00e9lagi um menntaranns\u00f3knir (FUM). \u00dea\u00f0 hefur n\u00fa veri\u00f0 sameina\u00f0 Uppeldi og menntun undir n\u00fdju heiti T\u00edmariti\u00f0 uppeldi og menntun heimas\u00ed\u00f0a n\u00fdja t\u00edmaritsins er&nbsp; http:\/\/vefsetur.hi.is\/uppeldi_og_menntun\/<\/p>\n<p>&nbsp;<\/p>\n<p>&nbsp;<\/p>\n<p>&nbsp;<\/p>\n<p><a href=\"https:\/\/fum.is\/wp-content\/uploads\/2010\/09\/TUM-Allt-2011.pdf\">8. \u00e1rgangur <\/a>&nbsp;\u00ed heild \u2013 <a href=\"https:\/\/fum.is\/?page_id=1146\" target=\"_blank\" rel=\"noopener\">Stakar greinar<\/a><\/p>\n<p><a href=\"https:\/\/fum.is\/wp-content\/uploads\/2011\/06\/TUM_7_arg.pdf\">7. \u00e1rgangur<\/a> \u00ed heild \u2013&nbsp;<a href=\"https:\/\/fum.is\/?page_id=770\" target=\"_blank\" rel=\"noopener\">Stakar greinar<\/a><\/p>\n<p><a href=\"https:\/\/fum.is\/wp-content\/uploads\/2011\/06\/FUM_6_arg.pdf\">6. \u00e1rgangur<\/a> \u00ed heild \u2013&nbsp;<a href=\"https:\/\/fum.is\/?page_id=483\" target=\"_blank\" rel=\"noopener\">Stakar greinar<\/a><\/p>\n<p><a href=\"https:\/\/fum.is\/wp-content\/uploads\/2011\/06\/FUM_5_arg.pdf\">5. \u00e1rgangur<\/a> \u00ed heild \u2013&nbsp;<a href=\"https:\/\/fum.is\/?page_id=168\" target=\"_blank\" rel=\"noopener\">Stakar greinar<\/a><\/p>\n<p><a href=\"https:\/\/fum.is\/wp-content\/uploads\/2011\/06\/FUM_4_arg.pdf\">4. \u00e1rgangur<\/a> \u00ed heild-&nbsp;<a href=\"https:\/\/fum.is\/?page_id=184\" target=\"_blank\" rel=\"noopener\">Stakar greinar<\/a><\/p>\n<p><a href=\"https:\/\/fum.is\/wp-content\/uploads\/2011\/06\/FUM_3_arg1.pdf\">3. \u00e1rgangur<\/a> \u00ed heild \u2013&nbsp;<a href=\"https:\/\/fum.is\/?page_id=203\" target=\"_blank\" rel=\"noopener\">Stakar greinar<\/a><\/p>\n<p><a href=\"https:\/\/fum.is\/wp-content\/uploads\/2011\/06\/FUM_2_arg.pdf\">2. \u00e1rgangur<\/a> \u00ed heild \u2013&nbsp;<a href=\"https:\/\/fum.is\/?page_id=217\" target=\"_blank\" rel=\"noopener\">Stakar greinar<\/a><\/p>\n<p>1. \u00e1rgangur \u00ed heild \u2013&nbsp;<a href=\"https:\/\/fum.is\/?page_id=227\" target=\"_blank\" rel=\"noopener\">Stakar greinar<\/a><\/p>\n","protected":false},"excerpt":{"rendered":"<p>Augl\u00fdst er eftir fr\u00e6\u00f0ilegum greinum, \u00edtard\u00f3mum og ritd\u00f3mum \u00ed T\u00edmarit um uppeldi og menntun T\u00edmarit um uppeldi og menntun augl\u00fdsir eftir fr\u00e6\u00f0ilegum greinum, \u00edtard\u00f3mum og ritd\u00f3mum. Augl\u00fdst er eftir greinum \u00ed s\u00ed\u00f0ara hefti \u00e1rsins 2016 sem kemur \u00fat \u00ed desember og b\u00e6\u00f0i hefti \u00e1rsins 2017, en \u00feau koma \u00fat \u00ed j\u00fan\u00ed og desember \u00ed b\u00e6\u00f0i [&hellip;]<\/p>\n","protected":false},"author":1,"featured_media":0,"parent":0,"menu_order":3,"comment_status":"closed","ping_status":"closed","template":"","meta":{"footnotes":""},"categories":[],"tags":[],"class_list":["post-108","page","type-page","status-publish","hentry"],"_links":{"self":[{"href":"https:\/\/fum.is\/index.php?rest_route=\/wp\/v2\/pages\/108","targetHints":{"allow":["GET"]}}],"collection":[{"href":"https:\/\/fum.is\/index.php?rest_route=\/wp\/v2\/pages"}],"about":[{"href":"https:\/\/fum.is\/index.php?rest_route=\/wp\/v2\/types\/page"}],"author":[{"embeddable":true,"href":"https:\/\/fum.is\/index.php?rest_route=\/wp\/v2\/users\/1"}],"replies":[{"embeddable":true,"href":"https:\/\/fum.is\/index.php?rest_route=%2Fwp%2Fv2%2Fcomments&post=108"}],"version-history":[{"count":16,"href":"https:\/\/fum.is\/index.php?rest_route=\/wp\/v2\/pages\/108\/revisions"}],"predecessor-version":[{"id":1534,"href":"https:\/\/fum.is\/index.php?rest_route=\/wp\/v2\/pages\/108\/revisions\/1534"}],"wp:attachment":[{"href":"https:\/\/fum.is\/index.php?rest_route=%2Fwp%2Fv2%2Fmedia&parent=108"}],"wp:term":[{"taxonomy":"category","embeddable":true,"href":"https:\/\/fum.is\/index.php?rest_route=%2Fwp%2Fv2%2Fcategories&post=108"},{"taxonomy":"post_tag","embeddable":true,"href":"https:\/\/fum.is\/index.php?rest_route=%2Fwp%2Fv2%2Ftags&post=108"}],"curies":[{"name":"wp","href":"https:\/\/api.w.org\/{rel}","templated":true}]}}