{"id":1146,"date":"2013-01-29T13:30:16","date_gmt":"2013-01-29T13:30:16","guid":{"rendered":"http:\/\/fum.is\/?page_id=1146"},"modified":"2013-01-29T16:10:32","modified_gmt":"2013-01-29T16:10:32","slug":"2011-2","status":"publish","type":"page","link":"https:\/\/fum.is\/?page_id=1146","title":{"rendered":"2011"},"content":{"rendered":"<p><strong><a href=\"https:\/\/fum.is\/wp-content\/uploads\/2013\/01\/Fr\u00e1-ritstj\u00f3ra.pdf\">Fr\u00e1 ritstj\u00f3ra<\/a><\/strong><\/p>\n<p><strong>Ritr\u00fdndar greinar<\/strong><\/p>\n<p><a href=\"https:\/\/fum.is\/wp-content\/uploads\/2013\/01\/Kostna\u00f0ur-vi\u00f0-\u00feekkingarmi\u00f0lun.pdf\">Kostna\u00f0ur vi\u00f0 \u00feekkingarmi\u00f0lun og \u00e1herslur \u00ed sk\u00f3lastarfi<\/a><\/p>\n<p><a href=\"https:\/\/fum.is\/wp-content\/uploads\/2013\/01\/Sk\u00f3lamenning-og-n\u00e1ms\u00e1rangur.pdf\">Sk\u00f3lamenning og n\u00e1ms\u00e1rangur<\/a><\/p>\n<p><a href=\"https:\/\/fum.is\/wp-content\/uploads\/2013\/01\/Samf\u00e9lag-jafningja.pdf\">Samf\u00e9lag jafningja: Uppbygging l\u00e6rd\u00f3mssamf\u00e9lags \u00ed leiksk\u00f3la<\/a><\/p>\n<p><a href=\"https:\/\/fum.is\/wp-content\/uploads\/2013\/01\/Kyngervi-raunv\u00edsinda.pdf\">Kyngervi raunv\u00edsinda: N\u00e1msval og a\u00f0st\u00e6\u00f0ur kvenna \u00ed hef\u00f0bundnum karlagreinum vi\u00f0 H\u00e1sk\u00f3la \u00cdslands<\/a><\/p>\n<p><a href=\"https:\/\/fum.is\/wp-content\/uploads\/2013\/01\/Kannski-erum-vi\u00f0.pdf\">\u201eKannski erum vi\u00f0 or\u00f0nar svo miklar str\u00e1kastelpur a\u00f0 \u00fea\u00f0 haga s\u00e9r allir eins\u201c.<\/a>\u00a0Um or\u00f0r\u00e6\u00f0u og \u00e1hrifavalda \u00ed menningu raun- og t\u00e6kniv\u00edsindagreina<\/p>\n<p><a href=\"https:\/\/fum.is\/wp-content\/uploads\/2013\/01\/Virk-n\u00e1mskr\u00e1-\u00ed-\u00edslensku.pdf\">Virk n\u00e1mskr\u00e1 \u00ed \u00edslensku \u00ed 6. og 7. bekk grunnsk\u00f3la \u00ed lj\u00f3si samr\u00e6mda \u00edslenskupr\u00f3fsins \u00ed 7. bekk<\/a><\/p>\n<p><strong>Umsagnir um b\u00e6kur<\/strong><\/p>\n<p><a href=\"https:\/\/fum.is\/wp-content\/uploads\/2013\/01\/Velfer\u00f0-barna.pdf\">Velfer\u00f0 barna \u00e1 Nor\u00f0url\u00f6ndum \u00ed heila \u00f6ld<\/a><\/p>\n<p><a href=\"https:\/\/fum.is\/wp-content\/uploads\/2013\/01\/Hvers-konar-reynsla.pdf\">Hvers konar reynsla er menntandi?<\/a><\/p>\n<p><a href=\"https:\/\/fum.is\/wp-content\/uploads\/2013\/01\/Research-with-Icelandic.pdf\">Research with Icelandic families and children with disabilities: About walking on eggshells and the relevance of social capital<\/a><\/p>\n<p><a href=\"https:\/\/fum.is\/wp-content\/uploads\/2013\/01\/Exceptional-waves.pdf\">Exceptional waves: Parents of disabled children negotiating 30 years of Icelandic social policy<\/a><\/p>\n<p>&nbsp;<\/p>\n","protected":false},"excerpt":{"rendered":"<p>Fr\u00e1 ritstj\u00f3ra Ritr\u00fdndar greinar Kostna\u00f0ur vi\u00f0 \u00feekkingarmi\u00f0lun og \u00e1herslur \u00ed sk\u00f3lastarfi Sk\u00f3lamenning og n\u00e1ms\u00e1rangur Samf\u00e9lag jafningja: Uppbygging l\u00e6rd\u00f3mssamf\u00e9lags \u00ed leiksk\u00f3la Kyngervi raunv\u00edsinda: N\u00e1msval og a\u00f0st\u00e6\u00f0ur kvenna \u00ed hef\u00f0bundnum karlagreinum vi\u00f0 H\u00e1sk\u00f3la \u00cdslands \u201eKannski erum vi\u00f0 or\u00f0nar svo miklar str\u00e1kastelpur a\u00f0 \u00fea\u00f0 haga s\u00e9r allir eins\u201c.\u00a0Um or\u00f0r\u00e6\u00f0u og \u00e1hrifavalda \u00ed menningu raun- og t\u00e6kniv\u00edsindagreina Virk n\u00e1mskr\u00e1 [&hellip;]<\/p>\n","protected":false},"author":6,"featured_media":0,"parent":643,"menu_order":0,"comment_status":"closed","ping_status":"closed","template":"","meta":{"footnotes":""},"categories":[],"tags":[],"class_list":["post-1146","page","type-page","status-publish","hentry"],"_links":{"self":[{"href":"https:\/\/fum.is\/index.php?rest_route=\/wp\/v2\/pages\/1146","targetHints":{"allow":["GET"]}}],"collection":[{"href":"https:\/\/fum.is\/index.php?rest_route=\/wp\/v2\/pages"}],"about":[{"href":"https:\/\/fum.is\/index.php?rest_route=\/wp\/v2\/types\/page"}],"author":[{"embeddable":true,"href":"https:\/\/fum.is\/index.php?rest_route=\/wp\/v2\/users\/6"}],"replies":[{"embeddable":true,"href":"https:\/\/fum.is\/index.php?rest_route=%2Fwp%2Fv2%2Fcomments&post=1146"}],"version-history":[{"count":5,"href":"https:\/\/fum.is\/index.php?rest_route=\/wp\/v2\/pages\/1146\/revisions"}],"predecessor-version":[{"id":1166,"href":"https:\/\/fum.is\/index.php?rest_route=\/wp\/v2\/pages\/1146\/revisions\/1166"}],"up":[{"embeddable":true,"href":"https:\/\/fum.is\/index.php?rest_route=\/wp\/v2\/pages\/643"}],"wp:attachment":[{"href":"https:\/\/fum.is\/index.php?rest_route=%2Fwp%2Fv2%2Fmedia&parent=1146"}],"wp:term":[{"taxonomy":"category","embeddable":true,"href":"https:\/\/fum.is\/index.php?rest_route=%2Fwp%2Fv2%2Fcategories&post=1146"},{"taxonomy":"post_tag","embeddable":true,"href":"https:\/\/fum.is\/index.php?rest_route=%2Fwp%2Fv2%2Ftags&post=1146"}],"curies":[{"name":"wp","href":"https:\/\/api.w.org\/{rel}","templated":true}]}}