{"id":1388,"date":"2018-01-12T11:43:08","date_gmt":"2018-01-12T11:43:08","guid":{"rendered":"http:\/\/fum.is\/?page_id=1388"},"modified":"2023-01-23T10:06:39","modified_gmt":"2023-01-23T10:06:39","slug":"radstefna-mai-2018","status":"publish","type":"page","link":"https:\/\/fum.is\/?page_id=1388","title":{"rendered":"R\u00c1\u00d0STEFNUR OG M\u00c1L\u00deING"},"content":{"rendered":"<p><strong>MENNTUN, SAMF\u00c9LAG OG SAMVINNA<\/strong><\/p>\n<p><strong>Vorr\u00e1\u00f0sstefna FUM 2018<\/strong><\/p>\n<p>R\u00e1\u00f0stefna FUM vori\u00f0 2018 bar heiti\u00f0 <em>Menntun, samf\u00e9lag og samvinna<\/em>. R\u00e1\u00f0stefnan var haldin \u00ed samstarfi vi\u00f0 H\u00e1sk\u00f3lann \u00e1 Akureyri, Samband \u00edslenskra sveitarf\u00e9laga, Heimili og sk\u00f3la, F\u00e9lag fagf\u00f3lks \u00ed fr\u00edt\u00edma\u00fej\u00f3nustu, Samband \u00edslenskra framhaldssk\u00f3lanema, Umbo\u00f0smann barna, Menntav\u00edsindastofnun H\u00cd og Mi\u00f0st\u00f6\u00f0 sk\u00f3la\u00fer\u00f3unar vi\u00f0 H\u00e1sk\u00f3lann \u00e1 Akureyri.<\/p>\n<p>Markmi\u00f0 r\u00e1\u00f0stefnunnar var a\u00f0 lei\u00f0a saman fagf\u00f3lk, fr\u00e6\u00f0imenn, fulltr\u00faa stj\u00f3rnvalda, nemendur og foreldra til a\u00f0 r\u00e6\u00f0a sameiginlega \u00e1byrg\u00f0 \u00e1 m\u00f3tun og framkv\u00e6md menntastefnu. \u00c1 r\u00e1\u00f0stefnunni var fjalla\u00f0 \u00e1 heildst\u00e6\u00f0an h\u00e1tt um menntun og tengsl formlegs og \u00f3formlegs n\u00e1ms; um \u00f6ll sk\u00f3lastig fr\u00e1 leiksk\u00f3la til h\u00e1sk\u00f3la og um \u00f3formlegt n\u00e1m, \u00e6skul\u00fd\u00f0s- og t\u00f3mstundastarf og menntun sem f\u00f3lk aflar s\u00e9r utan vi\u00f0 sk\u00f3lakerfi\u00f0.<\/p>\n<p>A\u00f0alfyrirlesarar voru Dr. J\u00f3n Torfi J\u00f3nasson, pr\u00f3fessor vi\u00f0 Menntav\u00edsindasvi\u00f0 H\u00cd og Dr. Helen Janc Malone, Director of Institutional Advancement and Education Policy vi\u00f0 Institute of Educational Leadership \u00ed Washington.<\/p>\n<p>&nbsp;<\/p>\n","protected":false},"excerpt":{"rendered":"<p>MENNTUN, SAMF\u00c9LAG OG SAMVINNA Vorr\u00e1\u00f0sstefna FUM 2018 R\u00e1\u00f0stefna FUM vori\u00f0 2018 bar heiti\u00f0 Menntun, samf\u00e9lag og samvinna. R\u00e1\u00f0stefnan var haldin \u00ed samstarfi vi\u00f0 H\u00e1sk\u00f3lann \u00e1 Akureyri, Samband \u00edslenskra sveitarf\u00e9laga, Heimili og sk\u00f3la, F\u00e9lag fagf\u00f3lks \u00ed fr\u00edt\u00edma\u00fej\u00f3nustu, Samband \u00edslenskra framhaldssk\u00f3lanema, Umbo\u00f0smann barna, Menntav\u00edsindastofnun H\u00cd og Mi\u00f0st\u00f6\u00f0 sk\u00f3la\u00fer\u00f3unar vi\u00f0 H\u00e1sk\u00f3lann \u00e1 Akureyri. Markmi\u00f0 r\u00e1\u00f0stefnunnar var a\u00f0 lei\u00f0a [&hellip;]<\/p>\n","protected":false},"author":6,"featured_media":0,"parent":0,"menu_order":0,"comment_status":"closed","ping_status":"closed","template":"","meta":{"footnotes":""},"categories":[],"tags":[],"class_list":["post-1388","page","type-page","status-publish","hentry"],"_links":{"self":[{"href":"https:\/\/fum.is\/index.php?rest_route=\/wp\/v2\/pages\/1388","targetHints":{"allow":["GET"]}}],"collection":[{"href":"https:\/\/fum.is\/index.php?rest_route=\/wp\/v2\/pages"}],"about":[{"href":"https:\/\/fum.is\/index.php?rest_route=\/wp\/v2\/types\/page"}],"author":[{"embeddable":true,"href":"https:\/\/fum.is\/index.php?rest_route=\/wp\/v2\/users\/6"}],"replies":[{"embeddable":true,"href":"https:\/\/fum.is\/index.php?rest_route=%2Fwp%2Fv2%2Fcomments&post=1388"}],"version-history":[{"count":19,"href":"https:\/\/fum.is\/index.php?rest_route=\/wp\/v2\/pages\/1388\/revisions"}],"predecessor-version":[{"id":1532,"href":"https:\/\/fum.is\/index.php?rest_route=\/wp\/v2\/pages\/1388\/revisions\/1532"}],"wp:attachment":[{"href":"https:\/\/fum.is\/index.php?rest_route=%2Fwp%2Fv2%2Fmedia&parent=1388"}],"wp:term":[{"taxonomy":"category","embeddable":true,"href":"https:\/\/fum.is\/index.php?rest_route=%2Fwp%2Fv2%2Fcategories&post=1388"},{"taxonomy":"post_tag","embeddable":true,"href":"https:\/\/fum.is\/index.php?rest_route=%2Fwp%2Fv2%2Ftags&post=1388"}],"curies":[{"name":"wp","href":"https:\/\/api.w.org\/{rel}","templated":true}]}}