{"id":15,"date":"2010-09-06T13:57:51","date_gmt":"2010-09-06T13:57:51","guid":{"rendered":"http:\/\/vefir.hi.is\/fum\/?page_id=15"},"modified":"2010-09-06T13:57:51","modified_gmt":"2010-09-06T13:57:51","slug":"markmi%c3%b0","status":"publish","type":"page","link":"https:\/\/fum.is\/?page_id=15","title":{"rendered":"Markmi\u00f0"},"content":{"rendered":"<p><strong>A\u00f0 efla ranns\u00f3knir og \u00fer\u00f3unarstarf \u00e1 svi\u00f0i menntunar \u00e1 \u00cdslandi me\u00f0 \u00fev\u00ed a\u00f0:<\/strong><\/p>\n<p><strong> <\/strong><\/p>\n<div id=\"_mcePaste\">\n<ul>\n<li>skapa vettvang fyrir faglega umr\u00e6\u00f0u um ranns\u00f3knir og \u00fer\u00f3unarstarf;<\/li>\n<li>stu\u00f0la a\u00f0 \u00fatbrei\u00f0slu \u00feekkingar \u00e1 ranns\u00f3knum og \u00fer\u00f3unarstarfi;<\/li>\n<li>efla tengsl og samstarf f\u00e9laganna;<\/li>\n<li>stu\u00f0la a\u00f0 samvinnu vi\u00f0 samt\u00f6k og stofnanir sem sinna uppeldis- og menntam\u00e1lum h\u00e9r \u00e1 landi og erlendis;<\/li>\n<li>efla \u00feekkingu og f\u00e6rni f\u00e9lagsmanna til a\u00f0 leggja stund \u00e1 ranns\u00f3knir \u00e1 menntam\u00e1lum;<\/li>\n<\/ul>\n<\/div>\n","protected":false},"excerpt":{"rendered":"<p>A\u00f0 efla ranns\u00f3knir og \u00fer\u00f3unarstarf \u00e1 svi\u00f0i menntunar \u00e1 \u00cdslandi me\u00f0 \u00fev\u00ed a\u00f0: skapa vettvang fyrir faglega umr\u00e6\u00f0u um ranns\u00f3knir og \u00fer\u00f3unarstarf; stu\u00f0la a\u00f0 \u00fatbrei\u00f0slu \u00feekkingar \u00e1 ranns\u00f3knum og \u00fer\u00f3unarstarfi; efla tengsl og samstarf f\u00e9laganna; stu\u00f0la a\u00f0 samvinnu vi\u00f0 samt\u00f6k og stofnanir sem sinna uppeldis- og menntam\u00e1lum h\u00e9r \u00e1 landi og erlendis; efla \u00feekkingu og [&hellip;]<\/p>\n","protected":false},"author":1,"featured_media":0,"parent":624,"menu_order":2,"comment_status":"closed","ping_status":"closed","template":"","meta":{"footnotes":""},"categories":[],"tags":[],"class_list":["post-15","page","type-page","status-publish","hentry"],"_links":{"self":[{"href":"https:\/\/fum.is\/index.php?rest_route=\/wp\/v2\/pages\/15","targetHints":{"allow":["GET"]}}],"collection":[{"href":"https:\/\/fum.is\/index.php?rest_route=\/wp\/v2\/pages"}],"about":[{"href":"https:\/\/fum.is\/index.php?rest_route=\/wp\/v2\/types\/page"}],"author":[{"embeddable":true,"href":"https:\/\/fum.is\/index.php?rest_route=\/wp\/v2\/users\/1"}],"replies":[{"embeddable":true,"href":"https:\/\/fum.is\/index.php?rest_route=%2Fwp%2Fv2%2Fcomments&post=15"}],"version-history":[{"count":0,"href":"https:\/\/fum.is\/index.php?rest_route=\/wp\/v2\/pages\/15\/revisions"}],"up":[{"embeddable":true,"href":"https:\/\/fum.is\/index.php?rest_route=\/wp\/v2\/pages\/624"}],"wp:attachment":[{"href":"https:\/\/fum.is\/index.php?rest_route=%2Fwp%2Fv2%2Fmedia&parent=15"}],"wp:term":[{"taxonomy":"category","embeddable":true,"href":"https:\/\/fum.is\/index.php?rest_route=%2Fwp%2Fv2%2Fcategories&post=15"},{"taxonomy":"post_tag","embeddable":true,"href":"https:\/\/fum.is\/index.php?rest_route=%2Fwp%2Fv2%2Ftags&post=15"}],"curies":[{"name":"wp","href":"https:\/\/api.w.org\/{rel}","templated":true}]}}