{"id":168,"date":"2010-09-07T15:45:47","date_gmt":"2010-09-07T15:45:47","guid":{"rendered":"http:\/\/vefir.hi.is\/fum\/?page_id=168"},"modified":"2010-09-07T15:45:47","modified_gmt":"2010-09-07T15:45:47","slug":"5-argangur-stakar-greinar","status":"publish","type":"page","link":"https:\/\/fum.is\/?page_id=168","title":{"rendered":"2008"},"content":{"rendered":"<p><a href=\"https:\/\/fum.is\/wp-content\/uploads\/2010\/09\/1_amalia_baldur_borkur1.pdf\" target=\"_blank\"><\/a><a href=\"https:\/\/fum.is\/wp-content\/uploads\/2010\/09\/1_amalia_baldur_borkur1.pdf\">Amal\u00eda Bj\u00f6rnsd\u00f3ttir, Baldur Kristj\u00e1nsson og B\u00f6rkur Hansen. N\u00e1ms\u00e1hugi nemenda \u00ed grunnsk\u00f3lum: Hver er hann a\u00f0 mati nemenda og foreldra? Hvernig breytist hann eftir aldri og kyni?<\/a><\/p>\n<p><a href=\"https:\/\/fum.is\/wp-content\/uploads\/2010\/09\/2_gyda1.pdf\"><\/a><a href=\"https:\/\/fum.is\/wp-content\/uploads\/2010\/09\/2_gyda1.pdf\">Gy\u00f0a J\u00f3hannsd\u00f3ttir. Lei\u00f0in liggur \u00ed h\u00e1sk\u00f3lana &#8211; e\u00f0a hva\u00f0?<\/a><\/p>\n<p><a href=\"https:\/\/fum.is\/wp-content\/uploads\/2010\/09\/3_maria_sif_jonina1.pdf\"><\/a><a href=\"https:\/\/fum.is\/wp-content\/uploads\/2010\/09\/3_maria_sif_jonina1.pdf\">Mar\u00eda D\u00f3ra Bj\u00f6rnsd\u00f3ttir, Sif Einarsd\u00f3ttir og J\u00f3n\u00edna K\u00e1rdal. \u00cdslensk \u00fe\u00fd\u00f0ing og \u00fe\u00e1ttabygging CTI: Mat \u00e1 hamlandi hugsunum \u00ed \u00e1kvar\u00f0anat\u00f6ku um n\u00e1m og st\u00f6rf.<\/a><\/p>\n<p><a href=\"https:\/\/fum.is\/wp-content\/uploads\/2010\/09\/4_helga1.pdf\"><\/a><a href=\"https:\/\/fum.is\/wp-content\/uploads\/2010\/09\/4_helga1.pdf\">Helga Rut Gu\u00f0mundsd\u00f3ttir. \u00datbrei\u00f0sla t\u00f3nmenntakennslu, a\u00f0st\u00e6\u00f0ur og vi\u00f0horf: Vi\u00f0t\u00f6l vi\u00f0 sk\u00f3lastj\u00f3ra og t\u00f3nmenntakennara \u00ed \u00edslenskum grunnsk\u00f3lum.<\/a><\/p>\n<p><a href=\"https:\/\/fum.is\/wp-content\/uploads\/2010\/09\/5_jonina_solveig1.pdf\"><\/a><a href=\"https:\/\/fum.is\/wp-content\/uploads\/2010\/09\/5_jonina_solveig1.pdf\">J\u00f3n\u00edna S\u00e6mundsd\u00f3ttir og S\u00f3lveig Karvelsd\u00f3ttir. \u00de\u00e1ttur r\u00e1\u00f0gjafar \u00ed samstarfi leiksk\u00f3lakennara og foreldra.<\/a><\/p>\n<p><a href=\"https:\/\/fum.is\/wp-content\/uploads\/2010\/09\/6_ragnhildur1.pdf\"><\/a><a href=\"https:\/\/fum.is\/wp-content\/uploads\/2010\/09\/6_ragnhildur1.pdf\">Ragnhildur Bjarnad\u00f3ttir. Markmi\u00f0 kennaran\u00e1ms: Starfsh\u00e6fni og fagmennska.<\/a><\/p>\n<p><a href=\"https:\/\/fum.is\/wp-content\/uploads\/2010\/09\/7_pistill_atli1.pdf\"><\/a><a href=\"https:\/\/fum.is\/wp-content\/uploads\/2010\/09\/7_pistill_atli1.pdf\">Pistillin. Atli Har\u00f0arson. Hvert stefna \u00edslenskir framhaldssk\u00f3lar? Menntastofnanir e\u00f0a \u00fej\u00f3nustustofnanir?<\/a><\/p>\n<p><a href=\"https:\/\/fum.is\/wp-content\/uploads\/2010\/09\/8_vidbrogd_pistli_mar1.pdf\"><\/a><a href=\"https:\/\/fum.is\/wp-content\/uploads\/2010\/09\/8_vidbrogd_pistli_mar1.pdf\">Vi\u00f0br\u00f6g\u00f0 vi\u00f0 pistlinum. M\u00e1r Vilhj\u00e1lmsson. Erum vi\u00f0 \u00e1 r\u00e9ttri lei\u00f0?<\/a><\/p>\n","protected":false},"excerpt":{"rendered":"<p>Amal\u00eda Bj\u00f6rnsd\u00f3ttir, Baldur Kristj\u00e1nsson og B\u00f6rkur Hansen. N\u00e1ms\u00e1hugi nemenda \u00ed grunnsk\u00f3lum: Hver er hann a\u00f0 mati nemenda og foreldra? Hvernig breytist hann eftir aldri og kyni? Gy\u00f0a J\u00f3hannsd\u00f3ttir. Lei\u00f0in liggur \u00ed h\u00e1sk\u00f3lana &#8211; e\u00f0a hva\u00f0? Mar\u00eda D\u00f3ra Bj\u00f6rnsd\u00f3ttir, Sif Einarsd\u00f3ttir og J\u00f3n\u00edna K\u00e1rdal. \u00cdslensk \u00fe\u00fd\u00f0ing og \u00fe\u00e1ttabygging CTI: Mat \u00e1 hamlandi hugsunum \u00ed \u00e1kvar\u00f0anat\u00f6ku um [&hellip;]<\/p>\n","protected":false},"author":1,"featured_media":0,"parent":643,"menu_order":2,"comment_status":"closed","ping_status":"closed","template":"","meta":{"footnotes":""},"categories":[],"tags":[],"class_list":["post-168","page","type-page","status-publish","hentry"],"_links":{"self":[{"href":"https:\/\/fum.is\/index.php?rest_route=\/wp\/v2\/pages\/168","targetHints":{"allow":["GET"]}}],"collection":[{"href":"https:\/\/fum.is\/index.php?rest_route=\/wp\/v2\/pages"}],"about":[{"href":"https:\/\/fum.is\/index.php?rest_route=\/wp\/v2\/types\/page"}],"author":[{"embeddable":true,"href":"https:\/\/fum.is\/index.php?rest_route=\/wp\/v2\/users\/1"}],"replies":[{"embeddable":true,"href":"https:\/\/fum.is\/index.php?rest_route=%2Fwp%2Fv2%2Fcomments&post=168"}],"version-history":[{"count":0,"href":"https:\/\/fum.is\/index.php?rest_route=\/wp\/v2\/pages\/168\/revisions"}],"up":[{"embeddable":true,"href":"https:\/\/fum.is\/index.php?rest_route=\/wp\/v2\/pages\/643"}],"wp:attachment":[{"href":"https:\/\/fum.is\/index.php?rest_route=%2Fwp%2Fv2%2Fmedia&parent=168"}],"wp:term":[{"taxonomy":"category","embeddable":true,"href":"https:\/\/fum.is\/index.php?rest_route=%2Fwp%2Fv2%2Fcategories&post=168"},{"taxonomy":"post_tag","embeddable":true,"href":"https:\/\/fum.is\/index.php?rest_route=%2Fwp%2Fv2%2Ftags&post=168"}],"curies":[{"name":"wp","href":"https:\/\/api.w.org\/{rel}","templated":true}]}}