{"id":203,"date":"2010-09-08T09:16:04","date_gmt":"2010-09-08T09:16:04","guid":{"rendered":"http:\/\/vefir.hi.is\/fum\/?page_id=203"},"modified":"2012-11-16T09:54:34","modified_gmt":"2012-11-16T09:54:34","slug":"timarit-3-argangur-stakar-greinar","status":"publish","type":"page","link":"https:\/\/fum.is\/?page_id=203","title":{"rendered":"2006"},"content":{"rendered":"<p><a href=\"https:\/\/fum.is\/wp-content\/uploads\/2010\/09\/1_kristjan1.pdf\">Kristj\u00e1n Kristj\u00e1nsson. A\u00f0 \u201eveita \u00e1n\u00e6gju og for\u00f0ast s\u00e1rindi\u201c: Um vingjarnleika sem dyg\u00f0 \u00ed kennslu.<\/a><\/p>\n<p><a href=\"https:\/\/fum.is\/wp-content\/uploads\/2010\/09\/2_amalia_borkur_olafur1.pdf\">Amal\u00eda Bj\u00f6rnsd\u00f3ttir, B\u00f6rkur Hansen og \u00d3lafur H. J\u00f3hannsson M\u00f3tun sk\u00f3lastarfs: Hver er hlutur kennara?<\/a><\/p>\n<p><a href=\"https:\/\/fum.is\/wp-content\/uploads\/2010\/09\/3_kristin_sif1.pdf\">Krist\u00edn Elva Vi\u00f0arsd\u00f3ttir og Sif Einarsd\u00f3ttir \u201eSvona e\u00f0a hinsegin\u201c: \u00c1hrif fr\u00e6\u00f0slu \u00e1 vi\u00f0horf kennara til sam- og tv\u00edkynhneig\u00f0ra.<\/a><\/p>\n<p><a href=\"https:\/\/fum.is\/wp-content\/uploads\/2010\/09\/4_berglind1.pdf\">Berglind R\u00f3s Magn\u00fasd\u00f3ttir N\u00e1msheg\u00f0un lei\u00f0toga \u00ed unglingabekk \u00ed lj\u00f3si ranns\u00f3kna og kenninga um menningarau\u00f0magn.<\/a><\/p>\n<p><a href=\"https:\/\/fum.is\/wp-content\/uploads\/2010\/09\/5_gudny1.pdf\">Gu\u00f0n\u00fd Gu\u00f0bj\u00f6rnsd\u00f3ttir Er \u201emenningarl\u00e6si\u201c ungs f\u00f3lks a\u00f0 breytast? Athugun \u00e1 lestri og t\u00f3mstundavenjum nemenda \u00ed 10. bekk<\/a>.<\/p>\n<p><a href=\"https:\/\/fum.is\/wp-content\/uploads\/2010\/09\/6_vidtal_gerdi1.pdf\">Ragnar F. \u00d3lafsson og Krist\u00edn J\u00f3nsd\u00f3ttir Vi\u00f0tal vi\u00f0 Ger\u00f0i G. \u00d3skarsd\u00f3ttur \u00c1 hverju byggir \u00fe\u00fa \u00feetta? Hvar eru g\u00f6gnin?<\/a><\/p>\n","protected":false},"excerpt":{"rendered":"<p>Kristj\u00e1n Kristj\u00e1nsson. A\u00f0 \u201eveita \u00e1n\u00e6gju og for\u00f0ast s\u00e1rindi\u201c: Um vingjarnleika sem dyg\u00f0 \u00ed kennslu. Amal\u00eda Bj\u00f6rnsd\u00f3ttir, B\u00f6rkur Hansen og \u00d3lafur H. J\u00f3hannsson M\u00f3tun sk\u00f3lastarfs: Hver er hlutur kennara? Krist\u00edn Elva Vi\u00f0arsd\u00f3ttir og Sif Einarsd\u00f3ttir \u201eSvona e\u00f0a hinsegin\u201c: \u00c1hrif fr\u00e6\u00f0slu \u00e1 vi\u00f0horf kennara til sam- og tv\u00edkynhneig\u00f0ra. Berglind R\u00f3s Magn\u00fasd\u00f3ttir N\u00e1msheg\u00f0un lei\u00f0toga \u00ed unglingabekk \u00ed lj\u00f3si [&hellip;]<\/p>\n","protected":false},"author":1,"featured_media":0,"parent":643,"menu_order":4,"comment_status":"closed","ping_status":"closed","template":"","meta":{"footnotes":""},"categories":[],"tags":[],"class_list":["post-203","page","type-page","status-publish","hentry"],"_links":{"self":[{"href":"https:\/\/fum.is\/index.php?rest_route=\/wp\/v2\/pages\/203","targetHints":{"allow":["GET"]}}],"collection":[{"href":"https:\/\/fum.is\/index.php?rest_route=\/wp\/v2\/pages"}],"about":[{"href":"https:\/\/fum.is\/index.php?rest_route=\/wp\/v2\/types\/page"}],"author":[{"embeddable":true,"href":"https:\/\/fum.is\/index.php?rest_route=\/wp\/v2\/users\/1"}],"replies":[{"embeddable":true,"href":"https:\/\/fum.is\/index.php?rest_route=%2Fwp%2Fv2%2Fcomments&post=203"}],"version-history":[{"count":2,"href":"https:\/\/fum.is\/index.php?rest_route=\/wp\/v2\/pages\/203\/revisions"}],"predecessor-version":[{"id":1130,"href":"https:\/\/fum.is\/index.php?rest_route=\/wp\/v2\/pages\/203\/revisions\/1130"}],"up":[{"embeddable":true,"href":"https:\/\/fum.is\/index.php?rest_route=\/wp\/v2\/pages\/643"}],"wp:attachment":[{"href":"https:\/\/fum.is\/index.php?rest_route=%2Fwp%2Fv2%2Fmedia&parent=203"}],"wp:term":[{"taxonomy":"category","embeddable":true,"href":"https:\/\/fum.is\/index.php?rest_route=%2Fwp%2Fv2%2Fcategories&post=203"},{"taxonomy":"post_tag","embeddable":true,"href":"https:\/\/fum.is\/index.php?rest_route=%2Fwp%2Fv2%2Ftags&post=203"}],"curies":[{"name":"wp","href":"https:\/\/api.w.org\/{rel}","templated":true}]}}