{"id":217,"date":"2010-09-08T09:26:25","date_gmt":"2010-09-08T09:26:25","guid":{"rendered":"http:\/\/vefir.hi.is\/fum\/?page_id=217"},"modified":"2012-11-16T09:46:34","modified_gmt":"2012-11-16T09:46:34","slug":"timarit-2-argangur-stakar-greinar","status":"publish","type":"page","link":"https:\/\/fum.is\/?page_id=217","title":{"rendered":"2005"},"content":{"rendered":"<p><a href=\"https:\/\/fum.is\/wp-content\/uploads\/2010\/09\/gretar_pistill_2tbl1.pdf\">Gretar L. Marin\u00f3sson Pistillinn: Menntaranns\u00f3knir og hlutverk TUM.<\/a><\/p>\n<p><a href=\"https:\/\/fum.is\/wp-content\/uploads\/2010\/09\/1_sigrun_kristjana1.pdf\" target=\"_blank\"><\/a><a href=\"https:\/\/fum.is\/wp-content\/uploads\/2010\/09\/1_sigrun_kristjana1.pdf\">Sigr\u00fan A\u00f0albjarnard\u00f3ttir og Kristjana Stella Bl\u00f6ndal Brotthvarf ungmenna fr\u00e1 n\u00e1mi og uppeldisa\u00f0fer\u00f0ir foreldra: Langt\u00edmaranns\u00f3kn.<\/a><\/p>\n<p><a href=\"https:\/\/fum.is\/wp-content\/uploads\/2010\/09\/2_borkur_olafur_steinunn1.pdf\" target=\"_blank\"><\/a><a href=\"https:\/\/fum.is\/wp-content\/uploads\/2010\/09\/2_borkur_olafur_steinunn1.pdf\">B\u00f6rkur Hansen, \u00d3lafur H. J\u00f3hannsson og Steinunn Helga L\u00e1rusd\u00f3ttir Hva\u00f0a \u00fe\u00e6ttir r\u00e1\u00f0a mestu um hvernig gengur a\u00f0 innlei\u00f0a a\u00f0fer\u00f0ir vi\u00f0 sj\u00e1lfsmat \u00ed grunnsk\u00f3lum?<\/a><\/p>\n<p><a href=\"https:\/\/fum.is\/wp-content\/uploads\/2010\/09\/3_asta1.pdf\" target=\"_blank\"><\/a><a href=\"https:\/\/fum.is\/wp-content\/uploads\/2010\/09\/3_asta1.pdf\">\u00c1sta Bjarnad\u00f3ttir Gildi st\u00fadentspr\u00f3fseinkunnar og hugr\u00e6nnar getu \u00ed forsp\u00e1 um \u00e1rangur \u00ed h\u00e1sk\u00f3lan\u00e1mi.<\/a><\/p>\n<p><a href=\"https:\/\/fum.is\/wp-content\/uploads\/2010\/09\/4_johanna_kristin1.pdf\"><\/a><a href=\"https:\/\/fum.is\/wp-content\/uploads\/2010\/09\/4_johanna_kristin1.pdf\">J\u00f3hanna Einarsd\u00f3ttir og Krist\u00edn Karlsd\u00f3ttir Hvernig tala leiksk\u00f3lastj\u00f3rar um leiksk\u00f3lann?<\/a><\/p>\n<p><a href=\"https:\/\/fum.is\/wp-content\/uploads\/2010\/09\/5_sigurgrimur1.pdf\"><\/a><a href=\"https:\/\/fum.is\/wp-content\/uploads\/2010\/09\/5_sigurgrimur1.pdf\">Sigurgr\u00edmur Sk\u00falason Hvernig m\u00e6la \u00e1 hugsm\u00ed\u00f0ar me\u00f0 erlendum m\u00e6lit\u00e6kjum: \u00de\u00fd\u00f0ing og sta\u00f0f\u00e6rsla \u00e1 spurningalistum og pr\u00f3fum.<\/a><\/p>\n","protected":false},"excerpt":{"rendered":"<p>Gretar L. Marin\u00f3sson Pistillinn: Menntaranns\u00f3knir og hlutverk TUM. Sigr\u00fan A\u00f0albjarnard\u00f3ttir og Kristjana Stella Bl\u00f6ndal Brotthvarf ungmenna fr\u00e1 n\u00e1mi og uppeldisa\u00f0fer\u00f0ir foreldra: Langt\u00edmaranns\u00f3kn. B\u00f6rkur Hansen, \u00d3lafur H. J\u00f3hannsson og Steinunn Helga L\u00e1rusd\u00f3ttir Hva\u00f0a \u00fe\u00e6ttir r\u00e1\u00f0a mestu um hvernig gengur a\u00f0 innlei\u00f0a a\u00f0fer\u00f0ir vi\u00f0 sj\u00e1lfsmat \u00ed grunnsk\u00f3lum? \u00c1sta Bjarnad\u00f3ttir Gildi st\u00fadentspr\u00f3fseinkunnar og hugr\u00e6nnar getu \u00ed forsp\u00e1 um [&hellip;]<\/p>\n","protected":false},"author":1,"featured_media":0,"parent":643,"menu_order":5,"comment_status":"closed","ping_status":"closed","template":"","meta":{"footnotes":""},"categories":[],"tags":[],"class_list":["post-217","page","type-page","status-publish","hentry"],"_links":{"self":[{"href":"https:\/\/fum.is\/index.php?rest_route=\/wp\/v2\/pages\/217","targetHints":{"allow":["GET"]}}],"collection":[{"href":"https:\/\/fum.is\/index.php?rest_route=\/wp\/v2\/pages"}],"about":[{"href":"https:\/\/fum.is\/index.php?rest_route=\/wp\/v2\/types\/page"}],"author":[{"embeddable":true,"href":"https:\/\/fum.is\/index.php?rest_route=\/wp\/v2\/users\/1"}],"replies":[{"embeddable":true,"href":"https:\/\/fum.is\/index.php?rest_route=%2Fwp%2Fv2%2Fcomments&post=217"}],"version-history":[{"count":1,"href":"https:\/\/fum.is\/index.php?rest_route=\/wp\/v2\/pages\/217\/revisions"}],"predecessor-version":[{"id":1124,"href":"https:\/\/fum.is\/index.php?rest_route=\/wp\/v2\/pages\/217\/revisions\/1124"}],"up":[{"embeddable":true,"href":"https:\/\/fum.is\/index.php?rest_route=\/wp\/v2\/pages\/643"}],"wp:attachment":[{"href":"https:\/\/fum.is\/index.php?rest_route=%2Fwp%2Fv2%2Fmedia&parent=217"}],"wp:term":[{"taxonomy":"category","embeddable":true,"href":"https:\/\/fum.is\/index.php?rest_route=%2Fwp%2Fv2%2Fcategories&post=217"},{"taxonomy":"post_tag","embeddable":true,"href":"https:\/\/fum.is\/index.php?rest_route=%2Fwp%2Fv2%2Ftags&post=217"}],"curies":[{"name":"wp","href":"https:\/\/api.w.org\/{rel}","templated":true}]}}