{"id":227,"date":"2010-09-08T09:28:46","date_gmt":"2010-09-08T09:28:46","guid":{"rendered":"http:\/\/vefir.hi.is\/fum\/?page_id=227"},"modified":"2012-11-16T09:56:31","modified_gmt":"2012-11-16T09:56:31","slug":"timarit-1-argangur-stakar-greinar","status":"publish","type":"page","link":"https:\/\/fum.is\/?page_id=227","title":{"rendered":"2004"},"content":{"rendered":"<p><a href=\"https:\/\/fum.is\/wp-content\/uploads\/2010\/09\/1_allison1.pdf\">M. Allyson Macdonald. Engin er r\u00f3s \u00e1n \u00feyrna.<\/a><\/p>\n<p><a href=\"https:\/\/fum.is\/wp-content\/uploads\/2010\/09\/2_sigrun_ebba_samund1.pdf\">Sigr\u00fan Gunnarsd\u00f3ttir, Ebba \u00de\u00f3ra Hvannberg, S\u00e6mundur E. \u00deorsteinsson. Fjarskipti \u00ed \u00fe\u00e1gu menntunar.<\/a><\/p>\n<p><a href=\"https:\/\/fum.is\/wp-content\/uploads\/2010\/09\/3_hafdis1.pdf\">Hafd\u00eds Gu\u00f0j\u00f3nsd\u00f3ttir. Kennarar \u00edgrunda og rannsaka eigi\u00f0 starf.<\/a><\/p>\n<p><a href=\"https:\/\/fum.is\/wp-content\/uploads\/2010\/09\/4_gudny_sergio1.pdf\">Gu\u00f0n\u00fd Gu\u00f0bj\u00f6rnsd\u00f3ttir og Sergio Morra. Or\u00f0r\u00e6\u00f0a ungs f\u00f3lks um sj\u00e1lfmyndir.<\/a><\/p>\n<p><a href=\"https:\/\/fum.is\/wp-content\/uploads\/2010\/09\/5_gretar1.pdf\">Gretar L. Marin\u00f3sson. Ranns\u00f3knir \u00e1 svi\u00f0i s\u00e9r\u00fearfa og f\u00f6tlunar barna \u00e1 \u00cdslandi 1970-200<\/a>2.<\/p>\n<p><a href=\"https:\/\/fum.is\/wp-content\/uploads\/2010\/09\/6_anna1.pdf\">Anna Edvardsd\u00f3ttir. Er gildismat \u00edslenskra sk\u00f3lastj\u00f3ra \u00f3l\u00edkt eftir kynfer\u00f0i<\/a><\/p>\n<p><a href=\"https:\/\/fum.is\/wp-content\/uploads\/2010\/09\/7_gudridur1.pdf\">Gu\u00f0r\u00ed\u00f0ur Adda Ragnarsd\u00f3ttir. Hvernig getur kennsla veri\u00f0 ranns\u00f3kn?<\/a><\/p>\n<p><a href=\"https:\/\/fum.is\/wp-content\/uploads\/2010\/09\/8_solveig1.pdf\">S\u00f3lveig Karvelsd\u00f3ttir. Kennsla vi\u00f0 erfi\u00f0an grunnsk\u00f3la.<\/a><\/p>\n<p><a href=\"https:\/\/fum.is\/wp-content\/uploads\/2010\/09\/9_kristin1.pdf\">Krist\u00edn D\u00fdrfj\u00f6r\u00f0. Matsf\u00f3lk, um n\u00e1l\u00e6g\u00f0 og klemmur<\/a>.<\/p>\n<p><a href=\"https:\/\/fum.is\/wp-content\/uploads\/2010\/09\/10_johanna_jon1.pdf\">J\u00f3hanna R\u00f3sa Arnard\u00f3ttir og J\u00f3n Torfi J\u00f3nasson. Gildi menntunar \u00ed l\u00edfi fullor\u00f0ins f\u00f3lks.<\/a><\/p>\n<p><a href=\"https:\/\/fum.is\/wp-content\/uploads\/2010\/09\/11_hanna1.pdf\">Hanna Ragnarsd\u00f3ttir. \u00cdslenskir sk\u00f3lar og erlend b\u00f6rn.<\/a><\/p>\n<p><a href=\"https:\/\/fum.is\/wp-content\/uploads\/2010\/09\/12_hafthor1.pdf\">Haf\u00fe\u00f3r Gu\u00f0j\u00f3nsson. Kennaran\u00e1m og tungutak.<\/a><\/p>\n<p><a href=\"https:\/\/fum.is\/wp-content\/uploads\/2010\/09\/13_gudrun1.pdf\">Gu\u00f0r\u00fan Geirsd\u00f3ttir. Hva\u00f0 m\u00f3tar hugmyndir h\u00e1sk\u00f3lakennara um skipulag n\u00e1ms og kennslu.<\/a><\/p>\n<p><a href=\"https:\/\/fum.is\/wp-content\/uploads\/2010\/09\/14_asrun_kolbrun_hrafn1.pdf\">\u00c1sr\u00fan Matt\u00edasd\u00f3ttir, Kolbr\u00fan Fanngeirsd\u00f3ttir og Hrafn Loftsson. Konur og t\u00f6lfr\u00e6\u00f0i.<\/a><\/p>\n<p><a href=\"https:\/\/fum.is\/wp-content\/uploads\/2010\/09\/15_gudrun1.pdf\">Gu\u00f0r\u00fan Bjarnad\u00f3ttir. Markviss m\u00e1l\u00f6rvun &#8211; forsp\u00e1 um lestur.<\/a><\/p>\n<p><a href=\"https:\/\/fum.is\/wp-content\/uploads\/2010\/09\/16_anna_asrun1.pdf\">Anna \u00d3lafsd\u00f3ttir og \u00c1sr\u00fan Matt\u00edasd\u00f3ttir. Uppl\u00fdsinga- og samskiptat\u00e6kni \u00ed h\u00e1sk\u00f3lan\u00e1mi og kennslu.<\/a><\/p>\n<p>J\u00f3hanna Einarsd\u00f3ttir. Fr\u00e1 leiksk\u00f3la til grunnsk\u00f3la.<\/p>\n<p><a href=\"https:\/\/fum.is\/wp-content\/uploads\/2010\/09\/18_asrun_michael1.pdf\">\u00c1sr\u00fan Matt\u00edasd\u00f3ttir, Michael Dal og Samuel C. Lefever. Notkun uppl\u00fdsinga- og samskiptat\u00e6kni \u00ed framhaldssk\u00f3lum \u00e1 \u00cdslandi<\/a>.<\/p>\n<p><a href=\"https:\/\/fum.is\/wp-content\/uploads\/2010\/09\/hafdis_ingva_1tbl1.pdf\">Hafd\u00eds Ingvarsd\u00f3ttir. M\u00f3tun starfskenninga \u00edslenskra framhaldssk\u00f3lakennara.<\/a><\/p>\n","protected":false},"excerpt":{"rendered":"<p>M. Allyson Macdonald. Engin er r\u00f3s \u00e1n \u00feyrna. Sigr\u00fan Gunnarsd\u00f3ttir, Ebba \u00de\u00f3ra Hvannberg, S\u00e6mundur E. \u00deorsteinsson. Fjarskipti \u00ed \u00fe\u00e1gu menntunar. Hafd\u00eds Gu\u00f0j\u00f3nsd\u00f3ttir. Kennarar \u00edgrunda og rannsaka eigi\u00f0 starf. Gu\u00f0n\u00fd Gu\u00f0bj\u00f6rnsd\u00f3ttir og Sergio Morra. Or\u00f0r\u00e6\u00f0a ungs f\u00f3lks um sj\u00e1lfmyndir. Gretar L. Marin\u00f3sson. Ranns\u00f3knir \u00e1 svi\u00f0i s\u00e9r\u00fearfa og f\u00f6tlunar barna \u00e1 \u00cdslandi 1970-2002. Anna Edvardsd\u00f3ttir. Er gildismat [&hellip;]<\/p>\n","protected":false},"author":1,"featured_media":0,"parent":643,"menu_order":6,"comment_status":"closed","ping_status":"closed","template":"","meta":{"footnotes":""},"categories":[],"tags":[],"class_list":["post-227","page","type-page","status-publish","hentry"],"_links":{"self":[{"href":"https:\/\/fum.is\/index.php?rest_route=\/wp\/v2\/pages\/227","targetHints":{"allow":["GET"]}}],"collection":[{"href":"https:\/\/fum.is\/index.php?rest_route=\/wp\/v2\/pages"}],"about":[{"href":"https:\/\/fum.is\/index.php?rest_route=\/wp\/v2\/types\/page"}],"author":[{"embeddable":true,"href":"https:\/\/fum.is\/index.php?rest_route=\/wp\/v2\/users\/1"}],"replies":[{"embeddable":true,"href":"https:\/\/fum.is\/index.php?rest_route=%2Fwp%2Fv2%2Fcomments&post=227"}],"version-history":[{"count":3,"href":"https:\/\/fum.is\/index.php?rest_route=\/wp\/v2\/pages\/227\/revisions"}],"predecessor-version":[{"id":1125,"href":"https:\/\/fum.is\/index.php?rest_route=\/wp\/v2\/pages\/227\/revisions\/1125"}],"up":[{"embeddable":true,"href":"https:\/\/fum.is\/index.php?rest_route=\/wp\/v2\/pages\/643"}],"wp:attachment":[{"href":"https:\/\/fum.is\/index.php?rest_route=%2Fwp%2Fv2%2Fmedia&parent=227"}],"wp:term":[{"taxonomy":"category","embeddable":true,"href":"https:\/\/fum.is\/index.php?rest_route=%2Fwp%2Fv2%2Fcategories&post=227"},{"taxonomy":"post_tag","embeddable":true,"href":"https:\/\/fum.is\/index.php?rest_route=%2Fwp%2Fv2%2Ftags&post=227"}],"curies":[{"name":"wp","href":"https:\/\/api.w.org\/{rel}","templated":true}]}}