{"id":23,"date":"2010-09-06T13:59:04","date_gmt":"2010-09-06T13:59:04","guid":{"rendered":"http:\/\/vefir.hi.is\/fum\/?page_id=23"},"modified":"2023-09-28T11:24:00","modified_gmt":"2023-09-28T11:24:00","slug":"starfsa%c3%a6tlun","status":"publish","type":"page","link":"https:\/\/fum.is\/?page_id=23","title":{"rendered":"Stj\u00f3rn"},"content":{"rendered":"<p><strong>Stj\u00f3rn FUM 2022-2024<\/strong><\/p>\n<p>Anna Magnea Hreinsd\u00f3ttir, forma\u00f0ur<br \/>\nHalld\u00f3ra P\u00e9tursd\u00f3ttir<br \/>\nJenn\u00fd Dagbj\u00f6rt Gunnarsd\u00f3ttir<br \/>\nJ\u00f3hann \u00d6rn Sigurj\u00f3nsson<br \/>\nSigr\u00ed\u00f0ur Margr\u00e9t Sigur\u00f0ard\u00f3ttir<br \/>\nSvava Bj\u00f6rg M\u00f6rk<br \/>\nTryggvi Thayer<\/p>\n<p><strong>Stj\u00f3rn FUM 2020-2022<\/strong><\/p>\n<p>Kolbr\u00fan \u00de. P\u00e1lsd\u00f3ttir, forma\u00f0ur kolbrunp_<span style=\"color: #888888;\"><a href=\"mailto:ktm@hi.is\"><span style=\"color: #888888;\">hi.is<\/span><\/a><\/span><\/p>\n<p>Gu\u00f0laug Erlendsd\u00f3ttir, gjaldkeri gue14_hi.is)<\/p>\n<p>Hafsteinn Karlsson, hafsteinn_salaskoli.is<\/p>\n<p>J\u00f3hann \u00d6rn Sigurj\u00f3nsson, johannorn_hi.is<\/p>\n<p>Oddn\u00fd Sturlud\u00f3ttir, ritari\u00a0oddnys_hi.is<\/p>\n<p><em>Varamenn:<\/em><\/p>\n<p>\u00deorl\u00e1kur A. J\u00f3nsson<br \/>\n<span style=\"color: #444444;\">Sigr\u00ed\u00f0ur Margr\u00e9t Sigur\u00f0ard\u00f3ttir<\/span><\/p>\n<p><strong>Stj\u00f3rn FUM 2018-2020<\/strong><\/p>\n<p>Kolbr\u00fan \u00de. P\u00e1lsd\u00f3ttir, forma\u00f0ur (kolbrunp_<a href=\"mailto:ktm@hi.is\">hi.is<\/a>)<\/p>\n<p>Birna Svanbj\u00f6rnsd\u00f3ttir, ritari<\/p>\n<p>S\u00f3lveig Jakobsd\u00f3ttir, gjaldkeri<\/p>\n<p>Gu\u00f0laug Erlendsd\u00f3ttir<\/p>\n<p>\u00d3mar \u00d6rn Magn\u00fasson<\/p>\n<p>Oddn\u00fd Sturlud\u00f3ttir<\/p>\n<p><em>Varamenn:<\/em><\/p>\n<p>Ingvar Sigurgeirsson<\/p>\n<p>Kristj\u00e1n Hreinsson<\/p>\n<p><strong>Starfs\u00e1ri\u00f0 2017-2018<\/strong><\/p>\n<p>Kolbr\u00fan \u00de. P\u00e1lsd\u00f3ttir, forma\u00f0ur (kolbrunp<a href=\"mailto:ktm@hi.is\">@hi.is<\/a>)<\/p>\n<p>Annad\u00eds Gr\u00e9ta Rudolfsd\u00f3ttir, (annadis@hi.is)<\/p>\n<p>S\u00f3lveig Jakobsd\u00f3ttir, gjaldkeri (<a href=\"mailto:gudnyh@hi.is\">soljak@hi.is<\/a>)<\/p>\n<p>Gu\u00f0laug Erlendsd\u00f3ttir (gue14@hi.is)<\/p>\n<p>Birna Svanbj\u00f6rnsd\u00f3ttir (birnas@unak.is)<\/p>\n<p>Gu\u00f0r\u00fan Ragnarsd\u00f3ttir (gudrunr@hi.is)<\/p>\n<p><em>Varamenn:<\/em><\/p>\n<p>Steinunn Helga L\u00e1rusd\u00f3ttir<\/p>\n<p>Ingvar Sigurgeirsson<\/p>\n","protected":false},"excerpt":{"rendered":"<p>Stj\u00f3rn FUM 2022-2024 Anna Magnea Hreinsd\u00f3ttir, forma\u00f0ur Halld\u00f3ra P\u00e9tursd\u00f3ttir Jenn\u00fd Dagbj\u00f6rt Gunnarsd\u00f3ttir J\u00f3hann \u00d6rn Sigurj\u00f3nsson Sigr\u00ed\u00f0ur Margr\u00e9t Sigur\u00f0ard\u00f3ttir Svava Bj\u00f6rg M\u00f6rk Tryggvi Thayer Stj\u00f3rn FUM 2020-2022 Kolbr\u00fan \u00de. P\u00e1lsd\u00f3ttir, forma\u00f0ur kolbrunp_hi.is Gu\u00f0laug Erlendsd\u00f3ttir, gjaldkeri gue14_hi.is) Hafsteinn Karlsson, hafsteinn_salaskoli.is J\u00f3hann \u00d6rn Sigurj\u00f3nsson, johannorn_hi.is Oddn\u00fd Sturlud\u00f3ttir, ritari\u00a0oddnys_hi.is Varamenn: \u00deorl\u00e1kur A. J\u00f3nsson Sigr\u00ed\u00f0ur Margr\u00e9t Sigur\u00f0ard\u00f3ttir Stj\u00f3rn FUM 2018-2020 [&hellip;]<\/p>\n","protected":false},"author":1,"featured_media":0,"parent":624,"menu_order":5,"comment_status":"closed","ping_status":"closed","template":"","meta":{"footnotes":""},"categories":[],"tags":[],"class_list":["post-23","page","type-page","status-publish","hentry"],"_links":{"self":[{"href":"https:\/\/fum.is\/index.php?rest_route=\/wp\/v2\/pages\/23","targetHints":{"allow":["GET"]}}],"collection":[{"href":"https:\/\/fum.is\/index.php?rest_route=\/wp\/v2\/pages"}],"about":[{"href":"https:\/\/fum.is\/index.php?rest_route=\/wp\/v2\/types\/page"}],"author":[{"embeddable":true,"href":"https:\/\/fum.is\/index.php?rest_route=\/wp\/v2\/users\/1"}],"replies":[{"embeddable":true,"href":"https:\/\/fum.is\/index.php?rest_route=%2Fwp%2Fv2%2Fcomments&post=23"}],"version-history":[{"count":13,"href":"https:\/\/fum.is\/index.php?rest_route=\/wp\/v2\/pages\/23\/revisions"}],"predecessor-version":[{"id":1562,"href":"https:\/\/fum.is\/index.php?rest_route=\/wp\/v2\/pages\/23\/revisions\/1562"}],"up":[{"embeddable":true,"href":"https:\/\/fum.is\/index.php?rest_route=\/wp\/v2\/pages\/624"}],"wp:attachment":[{"href":"https:\/\/fum.is\/index.php?rest_route=%2Fwp%2Fv2%2Fmedia&parent=23"}],"wp:term":[{"taxonomy":"category","embeddable":true,"href":"https:\/\/fum.is\/index.php?rest_route=%2Fwp%2Fv2%2Fcategories&post=23"},{"taxonomy":"post_tag","embeddable":true,"href":"https:\/\/fum.is\/index.php?rest_route=%2Fwp%2Fv2%2Ftags&post=23"}],"curies":[{"name":"wp","href":"https:\/\/api.w.org\/{rel}","templated":true}]}}