{"id":334,"date":"2010-11-23T13:10:32","date_gmt":"2010-11-23T13:10:32","guid":{"rendered":"http:\/\/vefir.hi.is\/fum\/?page_id=334"},"modified":"2023-02-06T02:43:42","modified_gmt":"2023-02-06T02:43:42","slug":"2003-2","status":"publish","type":"page","link":"https:\/\/fum.is\/?page_id=334","title":{"rendered":"2003"},"content":{"rendered":"<p><a href=\"https:\/\/fum.is\/wp-content\/uploads\/2010\/11\/14mai20031.pdf\"><\/a><a href=\"https:\/\/fum.is\/wp-content\/uploads\/2010\/11\/14mai20031.pdf\">14. ma\u00ed 2003<\/a><\/p>\n<p><a href=\"https:\/\/fum.is\/wp-content\/uploads\/2010\/11\/22feb20031.pdf\"><\/a><a href=\"https:\/\/fum.is\/wp-content\/uploads\/2010\/11\/22feb20031.pdf\">22. febr\u00faar 2003<\/a><\/p>\n<p><a href=\"https:\/\/fum.is\/wp-content\/uploads\/2010\/11\/17jan20031.pdf\"><\/a><a href=\"https:\/\/fum.is\/wp-content\/uploads\/2010\/11\/17jan20031.pdf\">17. jan\u00faar 2003<\/a><\/p>\n<p style=\"text-align: center;\">\n","protected":false},"excerpt":{"rendered":"<p>14. ma\u00ed 2003 22. febr\u00faar 2003 17. jan\u00faar 2003<\/p>\n","protected":false},"author":1,"featured_media":0,"parent":267,"menu_order":0,"comment_status":"closed","ping_status":"closed","template":"","meta":{"footnotes":""},"categories":[15],"tags":[],"class_list":["post-334","page","type-page","status-publish","hentry","category-fundargerdir"],"_links":{"self":[{"href":"https:\/\/fum.is\/index.php?rest_route=\/wp\/v2\/pages\/334","targetHints":{"allow":["GET"]}}],"collection":[{"href":"https:\/\/fum.is\/index.php?rest_route=\/wp\/v2\/pages"}],"about":[{"href":"https:\/\/fum.is\/index.php?rest_route=\/wp\/v2\/types\/page"}],"author":[{"embeddable":true,"href":"https:\/\/fum.is\/index.php?rest_route=\/wp\/v2\/users\/1"}],"replies":[{"embeddable":true,"href":"https:\/\/fum.is\/index.php?rest_route=%2Fwp%2Fv2%2Fcomments&post=334"}],"version-history":[{"count":1,"href":"https:\/\/fum.is\/index.php?rest_route=\/wp\/v2\/pages\/334\/revisions"}],"predecessor-version":[{"id":1539,"href":"https:\/\/fum.is\/index.php?rest_route=\/wp\/v2\/pages\/334\/revisions\/1539"}],"up":[{"embeddable":true,"href":"https:\/\/fum.is\/index.php?rest_route=\/wp\/v2\/pages\/267"}],"wp:attachment":[{"href":"https:\/\/fum.is\/index.php?rest_route=%2Fwp%2Fv2%2Fmedia&parent=334"}],"wp:term":[{"taxonomy":"category","embeddable":true,"href":"https:\/\/fum.is\/index.php?rest_route=%2Fwp%2Fv2%2Fcategories&post=334"},{"taxonomy":"post_tag","embeddable":true,"href":"https:\/\/fum.is\/index.php?rest_route=%2Fwp%2Fv2%2Ftags&post=334"}],"curies":[{"name":"wp","href":"https:\/\/api.w.org\/{rel}","templated":true}]}}