{"id":378,"date":"2010-11-23T15:09:34","date_gmt":"2010-11-23T15:09:34","guid":{"rendered":"http:\/\/vefir.hi.is\/fum\/?page_id=378"},"modified":"2023-02-06T02:44:31","modified_gmt":"2023-02-06T02:44:31","slug":"2008-2","status":"publish","type":"page","link":"https:\/\/fum.is\/?page_id=378","title":{"rendered":"2008"},"content":{"rendered":"<p><a href=\"https:\/\/fum.is\/wp-content\/uploads\/2010\/11\/17nov20081.pdf\"><\/a><a href=\"https:\/\/fum.is\/wp-content\/uploads\/2010\/11\/17nov20081.pdf\">17. n\u00f3vember 2008<\/a><\/p>\n<p><a href=\"https:\/\/fum.is\/wp-content\/uploads\/2010\/11\/13okt20081.pdf\"><\/a><a href=\"https:\/\/fum.is\/wp-content\/uploads\/2010\/11\/13okt20081.pdf\">13. okt\u00f3ber 2008<\/a><\/p>\n<p><a href=\"https:\/\/fum.is\/wp-content\/uploads\/2010\/11\/17.-febr\u00faar-20081.pdf\"><\/a><a href=\"https:\/\/fum.is\/wp-content\/uploads\/2010\/11\/17.-febr\u00faar-20081.pdf\">17. febr\u00faar 2008<\/a><\/p>\n<p><a href=\"https:\/\/fum.is\/wp-content\/uploads\/2010\/11\/28-jan\u00faar-20081.pdf\"><\/a><a href=\"https:\/\/fum.is\/wp-content\/uploads\/2010\/11\/28-jan\u00faar-20081.pdf\">28. jan\u00faar 2008<\/a><\/p>\n<p><a href=\"https:\/\/fum.is\/wp-content\/uploads\/2010\/11\/8.-jan\u00faar-20081.pdf\"><\/a><a href=\"https:\/\/fum.is\/wp-content\/uploads\/2010\/11\/8.-jan\u00faar-20081.pdf\">8. jan\u00faar 2008<\/a><\/p>\n<p style=\"text-align: center;\">\n","protected":false},"excerpt":{"rendered":"<p>17. n\u00f3vember 2008 13. okt\u00f3ber 2008 17. febr\u00faar 2008 28. jan\u00faar 2008 8. jan\u00faar 2008<\/p>\n","protected":false},"author":1,"featured_media":0,"parent":267,"menu_order":0,"comment_status":"closed","ping_status":"closed","template":"","meta":{"footnotes":""},"categories":[15],"tags":[],"class_list":["post-378","page","type-page","status-publish","hentry","category-fundargerdir"],"_links":{"self":[{"href":"https:\/\/fum.is\/index.php?rest_route=\/wp\/v2\/pages\/378","targetHints":{"allow":["GET"]}}],"collection":[{"href":"https:\/\/fum.is\/index.php?rest_route=\/wp\/v2\/pages"}],"about":[{"href":"https:\/\/fum.is\/index.php?rest_route=\/wp\/v2\/types\/page"}],"author":[{"embeddable":true,"href":"https:\/\/fum.is\/index.php?rest_route=\/wp\/v2\/users\/1"}],"replies":[{"embeddable":true,"href":"https:\/\/fum.is\/index.php?rest_route=%2Fwp%2Fv2%2Fcomments&post=378"}],"version-history":[{"count":1,"href":"https:\/\/fum.is\/index.php?rest_route=\/wp\/v2\/pages\/378\/revisions"}],"predecessor-version":[{"id":1544,"href":"https:\/\/fum.is\/index.php?rest_route=\/wp\/v2\/pages\/378\/revisions\/1544"}],"up":[{"embeddable":true,"href":"https:\/\/fum.is\/index.php?rest_route=\/wp\/v2\/pages\/267"}],"wp:attachment":[{"href":"https:\/\/fum.is\/index.php?rest_route=%2Fwp%2Fv2%2Fmedia&parent=378"}],"wp:term":[{"taxonomy":"category","embeddable":true,"href":"https:\/\/fum.is\/index.php?rest_route=%2Fwp%2Fv2%2Fcategories&post=378"},{"taxonomy":"post_tag","embeddable":true,"href":"https:\/\/fum.is\/index.php?rest_route=%2Fwp%2Fv2%2Ftags&post=378"}],"curies":[{"name":"wp","href":"https:\/\/api.w.org\/{rel}","templated":true}]}}