{"id":643,"date":"2011-06-06T11:03:11","date_gmt":"2011-06-06T11:03:11","guid":{"rendered":"http:\/\/vefir.hi.is\/fum\/?page_id=643"},"modified":"2016-02-22T14:59:39","modified_gmt":"2016-02-22T14:59:39","slug":"tum-eldri-rit","status":"publish","type":"page","link":"https:\/\/fum.is\/?page_id=643","title":{"rendered":"TUM &#8211; eldri rit"},"content":{"rendered":"<p>greinar \u00far eldri ritum \u00a0TUM m\u00e1 finna, flokka\u00f0ar eftir \u00e1rg\u00f6ngum undir kr\u00e6kjunum h\u00e9r fyrir ne\u00f0an.<\/p>\n<p><a href=\"https:\/\/fum.is\/wp-content\/uploads\/2010\/09\/TUM-Allt-2011.pdf\">8. \u00e1rgangur <\/a> \u00ed heild \u2013 <a href=\"https:\/\/fum.is\/?page_id=1146\" target=\"_blank\">Stakar greinar<\/a><\/p>\n<p><a href=\"https:\/\/fum.is\/wp-content\/uploads\/2011\/06\/TUM_7_arg.pdf\">7. \u00e1rgangur<\/a> \u00ed heild &#8211; <a href=\"https:\/\/fum.is\/?page_id=770\" target=\"_blank\">Stakar greinar<\/a><\/p>\n<p><a href=\"https:\/\/fum.is\/wp-content\/uploads\/2011\/06\/FUM_6_arg.pdf\">6. \u00e1rgangur<\/a> \u00ed heild \u2013 <a href=\"https:\/\/fum.is\/?page_id=483\" target=\"_blank\">Stakar greinar<\/a><\/p>\n<p><a href=\"https:\/\/fum.is\/wp-content\/uploads\/2011\/06\/FUM_5_arg.pdf\">5. \u00e1rgangur<\/a> \u00ed heild \u2013 <a href=\"https:\/\/fum.is\/?page_id=168\" target=\"_blank\">Stakar greinar<\/a><\/p>\n<p><a href=\"https:\/\/fum.is\/wp-content\/uploads\/2011\/06\/FUM_4_arg.pdf\">4. \u00e1rgangur<\/a> \u00ed heild- <a href=\"https:\/\/fum.is\/?page_id=184\" target=\"_blank\">Stakar greinar<\/a><\/p>\n<p><a href=\"https:\/\/fum.is\/wp-content\/uploads\/2011\/06\/FUM_3_arg1.pdf\">3. \u00e1rgangur<\/a> \u00ed heild \u2013 <a href=\"https:\/\/fum.is\/?page_id=203\" target=\"_blank\">Stakar greinar<\/a><\/p>\n<p><a href=\"https:\/\/fum.is\/wp-content\/uploads\/2011\/06\/FUM_2_arg.pdf\">2. \u00e1rgangur<\/a> \u00ed heild \u2013 <a href=\"https:\/\/fum.is\/?page_id=217\" target=\"_blank\">Stakar greinar<\/a><\/p>\n<p>1. \u00e1rgangur \u00ed heild &#8211; <a href=\"https:\/\/fum.is\/?page_id=227\" target=\"_blank\">Stakar greinar<\/a><\/p>\n","protected":false},"excerpt":{"rendered":"<p>greinar \u00far eldri ritum \u00a0TUM m\u00e1 finna, flokka\u00f0ar eftir \u00e1rg\u00f6ngum undir kr\u00e6kjunum h\u00e9r fyrir ne\u00f0an. 8. \u00e1rgangur \u00ed heild \u2013 Stakar greinar 7. \u00e1rgangur \u00ed heild &#8211; Stakar greinar 6. \u00e1rgangur \u00ed heild \u2013 Stakar greinar 5. \u00e1rgangur \u00ed heild \u2013 Stakar greinar 4. \u00e1rgangur \u00ed heild- Stakar greinar 3. \u00e1rgangur \u00ed heild \u2013 Stakar [&hellip;]<\/p>\n","protected":false},"author":1,"featured_media":0,"parent":108,"menu_order":2,"comment_status":"closed","ping_status":"closed","template":"","meta":{"footnotes":""},"categories":[],"tags":[],"class_list":["post-643","page","type-page","status-publish","hentry"],"_links":{"self":[{"href":"https:\/\/fum.is\/index.php?rest_route=\/wp\/v2\/pages\/643","targetHints":{"allow":["GET"]}}],"collection":[{"href":"https:\/\/fum.is\/index.php?rest_route=\/wp\/v2\/pages"}],"about":[{"href":"https:\/\/fum.is\/index.php?rest_route=\/wp\/v2\/types\/page"}],"author":[{"embeddable":true,"href":"https:\/\/fum.is\/index.php?rest_route=\/wp\/v2\/users\/1"}],"replies":[{"embeddable":true,"href":"https:\/\/fum.is\/index.php?rest_route=%2Fwp%2Fv2%2Fcomments&post=643"}],"version-history":[{"count":6,"href":"https:\/\/fum.is\/index.php?rest_route=\/wp\/v2\/pages\/643\/revisions"}],"predecessor-version":[{"id":1266,"href":"https:\/\/fum.is\/index.php?rest_route=\/wp\/v2\/pages\/643\/revisions\/1266"}],"up":[{"embeddable":true,"href":"https:\/\/fum.is\/index.php?rest_route=\/wp\/v2\/pages\/108"}],"wp:attachment":[{"href":"https:\/\/fum.is\/index.php?rest_route=%2Fwp%2Fv2%2Fmedia&parent=643"}],"wp:term":[{"taxonomy":"category","embeddable":true,"href":"https:\/\/fum.is\/index.php?rest_route=%2Fwp%2Fv2%2Fcategories&post=643"},{"taxonomy":"post_tag","embeddable":true,"href":"https:\/\/fum.is\/index.php?rest_route=%2Fwp%2Fv2%2Ftags&post=643"}],"curies":[{"name":"wp","href":"https:\/\/api.w.org\/{rel}","templated":true}]}}