{"id":770,"date":"2011-12-09T13:59:32","date_gmt":"2011-12-09T13:59:32","guid":{"rendered":"http:\/\/vefir.hi.is\/fum\/?page_id=770"},"modified":"2011-12-09T13:59:32","modified_gmt":"2011-12-09T13:59:32","slug":"2010-2","status":"publish","type":"page","link":"https:\/\/fum.is\/?page_id=770","title":{"rendered":"2010"},"content":{"rendered":"<p><a href=\"https:\/\/fum.is\/wp-content\/uploads\/2011\/12\/FraRitstjora.pdf\">Fr\u00e1 ritstj\u00f3ra<\/a><\/p>\n<p><a href=\"https:\/\/fum.is\/wp-content\/uploads\/2011\/12\/Vidtal-KristjanKristjansson-Carr.pdf\">Vi\u00f0tal: Kristj\u00e1n Kristj\u00e1nsson. \u00c1n dyg\u00f0a ver\u00f0a t\u00e6knik\u00fanstir a\u00f0 holri skurn: R\u00e6tt vi\u00f0 David Carr<\/a><\/p>\n<p>Ritr\u00fdndar greinar<\/p>\n<p><a href=\"https:\/\/fum.is\/wp-content\/uploads\/2011\/12\/GudrunVStef-RaddirFolksMedThroskahomlun.pdf\">Gu\u00f0r\u00fan Valger\u00f0ur Stef\u00e1nsd\u00f3ttir. Raddir f\u00f3lks me\u00f0 \u00feroskah\u00f6mlun: Bernska og \u00e6sku\u00e1r<\/a><\/p>\n<p><a href=\"https:\/\/fum.is\/wp-content\/uploads\/2011\/12\/GydaJ-JTJ-HvertErEgnarhaldsformNorrHaskola.pdf\">Gy\u00f0a J\u00f3hannsd\u00f3ttir og J\u00f3n Torfi J\u00f3nasson. Hvert er eignarhaldsform norr\u00e6nna h\u00e1sk\u00f3la?<\/a><\/p>\n<p><a href=\"https:\/\/fum.is\/wp-content\/uploads\/2011\/12\/BirnaM-Allyson-GudmundurH-AdUndibuaNamNyjumSkola.pdf\">Birna Mar\u00eda Svanbj\u00f6rnsd\u00f3ttir, Allyson Macdonald og Gu\u00f0mundur Hei\u00f0ar Fr\u00edmannsson. A\u00f0 undirb\u00faa n\u00e1m \u00ed n\u00fdjum sk\u00f3la: \u00c1herslu\u00fe\u00e6ttir stj\u00f3rnanda og mannar\u00e1\u00f0ningar<\/a><\/p>\n<p><a href=\"https:\/\/fum.is\/wp-content\/uploads\/2011\/12\/AmaliaB-BorkurH-BaldurK-TengslNamsarangursOgVidh.pdf\">Amal\u00eda Bj\u00f6rnsd\u00f3ttir, B\u00f6rkur Hansen og Baldur Kristj\u00e1nsson. Tengsl n\u00e1ms\u00e1rangurs vi\u00f0 vi\u00f0horf nemenda og foreldra til sk\u00f3lag\u00f6ngu og vi\u00f0 f\u00e9lagslegan bakgrunn<\/a><\/p>\n<p><a href=\"https:\/\/fum.is\/wp-content\/uploads\/2011\/12\/RosaG-HannaR-KennararOgKennarastarfFjolmenning.pdf\">R\u00f3sa Gu\u00f0bjartsd\u00f3ttir og Hanna Ragnarsd\u00f3ttir. Kennarar og kennarastarf \u00ed fj\u00f6lmenningarlegu samf\u00e9lagi: Raddir kennara innflytjendabarna<\/a><\/p>\n<p><a href=\"https:\/\/fum.is\/wp-content\/uploads\/2011\/12\/AtliHardarson-SkilningurFramhaldsskolak-AlmNamsmarkmid.pdf\">Atli Har\u00f0arsson. Skilningur framhaldssk\u00f3lakennara \u00e1 almennum n\u00e1msmarkmi\u00f0um<\/a><\/p>\n<p>Umsagnir um b\u00e6kur:<\/p>\n<p><a href=\"https:\/\/fum.is\/wp-content\/uploads\/2011\/12\/HerminaG-Ums-FjolmenningSkolastarf.pdf\">Herm\u00edna Gunn\u00fe\u00f3rsd\u00f3ttir. Fj\u00f6lmenning og sk\u00f3lastarf \u00ed ritstj\u00f3rn H\u00f6nnu Ragnarsd\u00f3ttur og Elsu Sigr\u00ed\u00f0ar J\u00f3nsd\u00f3ttur<\/a><\/p>\n<p><a href=\"https:\/\/fum.is\/wp-content\/uploads\/2011\/12\/SigurdurJGretarsson-Ums-TheSelfItsEmotions.pdf\">Sigur\u00f0ur J. Gr\u00e9tarsson. The self and its emotions eftir Kristj\u00e1n Kristj\u00e1nsson<\/a><\/p>\n","protected":false},"excerpt":{"rendered":"<p>Fr\u00e1 ritstj\u00f3ra Vi\u00f0tal: Kristj\u00e1n Kristj\u00e1nsson. \u00c1n dyg\u00f0a ver\u00f0a t\u00e6knik\u00fanstir a\u00f0 holri skurn: R\u00e6tt vi\u00f0 David Carr Ritr\u00fdndar greinar Gu\u00f0r\u00fan Valger\u00f0ur Stef\u00e1nsd\u00f3ttir. Raddir f\u00f3lks me\u00f0 \u00feroskah\u00f6mlun: Bernska og \u00e6sku\u00e1r Gy\u00f0a J\u00f3hannsd\u00f3ttir og J\u00f3n Torfi J\u00f3nasson. Hvert er eignarhaldsform norr\u00e6nna h\u00e1sk\u00f3la? Birna Mar\u00eda Svanbj\u00f6rnsd\u00f3ttir, Allyson Macdonald og Gu\u00f0mundur Hei\u00f0ar Fr\u00edmannsson. A\u00f0 undirb\u00faa n\u00e1m \u00ed n\u00fdjum sk\u00f3la: \u00c1herslu\u00fe\u00e6ttir [&hellip;]<\/p>\n","protected":false},"author":1,"featured_media":0,"parent":643,"menu_order":0,"comment_status":"closed","ping_status":"closed","template":"","meta":{"footnotes":""},"categories":[],"tags":[],"class_list":["post-770","page","type-page","status-publish","hentry"],"_links":{"self":[{"href":"https:\/\/fum.is\/index.php?rest_route=\/wp\/v2\/pages\/770","targetHints":{"allow":["GET"]}}],"collection":[{"href":"https:\/\/fum.is\/index.php?rest_route=\/wp\/v2\/pages"}],"about":[{"href":"https:\/\/fum.is\/index.php?rest_route=\/wp\/v2\/types\/page"}],"author":[{"embeddable":true,"href":"https:\/\/fum.is\/index.php?rest_route=\/wp\/v2\/users\/1"}],"replies":[{"embeddable":true,"href":"https:\/\/fum.is\/index.php?rest_route=%2Fwp%2Fv2%2Fcomments&post=770"}],"version-history":[{"count":0,"href":"https:\/\/fum.is\/index.php?rest_route=\/wp\/v2\/pages\/770\/revisions"}],"up":[{"embeddable":true,"href":"https:\/\/fum.is\/index.php?rest_route=\/wp\/v2\/pages\/643"}],"wp:attachment":[{"href":"https:\/\/fum.is\/index.php?rest_route=%2Fwp%2Fv2%2Fmedia&parent=770"}],"wp:term":[{"taxonomy":"category","embeddable":true,"href":"https:\/\/fum.is\/index.php?rest_route=%2Fwp%2Fv2%2Fcategories&post=770"},{"taxonomy":"post_tag","embeddable":true,"href":"https:\/\/fum.is\/index.php?rest_route=%2Fwp%2Fv2%2Ftags&post=770"}],"curies":[{"name":"wp","href":"https:\/\/api.w.org\/{rel}","templated":true}]}}