{"id":926,"date":"2011-12-13T14:04:30","date_gmt":"2011-12-13T14:04:30","guid":{"rendered":"http:\/\/vefir.hi.is\/fum\/?page_id=926"},"modified":"2023-02-06T02:44:40","modified_gmt":"2023-02-06T02:44:40","slug":"2009-2","status":"publish","type":"page","link":"https:\/\/fum.is\/?page_id=926","title":{"rendered":"2009"},"content":{"rendered":"<p>17. des. 2009<\/p>\n<p>13, okt\u00f3ber 2009<\/p>\n<p><a href=\"https:\/\/fum.is\/wp-content\/uploads\/2011\/12\/30juni2009.pdf\">30. j\u00fan\u00ed 2009<\/a><\/p>\n<p><a href=\"https:\/\/fum.is\/wp-content\/uploads\/2011\/12\/5mai20091.pdf\">5. ma\u00ed 2009<\/a><\/p>\n<p><a href=\"https:\/\/fum.is\/wp-content\/uploads\/2011\/12\/31mars2009.pdf\"><\/a><a href=\"https:\/\/fum.is\/wp-content\/uploads\/2011\/12\/31mars20091.pdf\">31. mars 2009<\/a><\/p>\n<p><a href=\"https:\/\/fum.is\/wp-content\/uploads\/2011\/12\/5mars20091.pdf\">5. mars 2009<\/a><\/p>\n<p><a href=\"https:\/\/fum.is\/wp-content\/uploads\/2011\/12\/25feb20091.pdf\">25. febr\u00faar 2009<\/a><\/p>\n<p><a href=\"https:\/\/fum.is\/wp-content\/uploads\/2011\/12\/4.feb20091.pdf\">4 .febr\u00faar 2009<\/a><\/p>\n","protected":false},"excerpt":{"rendered":"<p>17. des. 2009 13, okt\u00f3ber 2009 30. j\u00fan\u00ed 2009 5. ma\u00ed 2009 31. mars 2009 5. mars 2009 25. febr\u00faar 2009 4 .febr\u00faar 2009<\/p>\n","protected":false},"author":1,"featured_media":0,"parent":267,"menu_order":0,"comment_status":"closed","ping_status":"closed","template":"","meta":{"footnotes":""},"categories":[15],"tags":[],"class_list":["post-926","page","type-page","status-publish","hentry","category-fundargerdir"],"_links":{"self":[{"href":"https:\/\/fum.is\/index.php?rest_route=\/wp\/v2\/pages\/926","targetHints":{"allow":["GET"]}}],"collection":[{"href":"https:\/\/fum.is\/index.php?rest_route=\/wp\/v2\/pages"}],"about":[{"href":"https:\/\/fum.is\/index.php?rest_route=\/wp\/v2\/types\/page"}],"author":[{"embeddable":true,"href":"https:\/\/fum.is\/index.php?rest_route=\/wp\/v2\/users\/1"}],"replies":[{"embeddable":true,"href":"https:\/\/fum.is\/index.php?rest_route=%2Fwp%2Fv2%2Fcomments&post=926"}],"version-history":[{"count":1,"href":"https:\/\/fum.is\/index.php?rest_route=\/wp\/v2\/pages\/926\/revisions"}],"predecessor-version":[{"id":1545,"href":"https:\/\/fum.is\/index.php?rest_route=\/wp\/v2\/pages\/926\/revisions\/1545"}],"up":[{"embeddable":true,"href":"https:\/\/fum.is\/index.php?rest_route=\/wp\/v2\/pages\/267"}],"wp:attachment":[{"href":"https:\/\/fum.is\/index.php?rest_route=%2Fwp%2Fv2%2Fmedia&parent=926"}],"wp:term":[{"taxonomy":"category","embeddable":true,"href":"https:\/\/fum.is\/index.php?rest_route=%2Fwp%2Fv2%2Fcategories&post=926"},{"taxonomy":"post_tag","embeddable":true,"href":"https:\/\/fum.is\/index.php?rest_route=%2Fwp%2Fv2%2Ftags&post=926"}],"curies":[{"name":"wp","href":"https:\/\/api.w.org\/{rel}","templated":true}]}}