{"id":938,"date":"2011-12-13T14:25:17","date_gmt":"2011-12-13T14:25:17","guid":{"rendered":"http:\/\/vefir.hi.is\/fum\/?page_id=938"},"modified":"2023-02-06T02:44:47","modified_gmt":"2023-02-06T02:44:47","slug":"2010-2","status":"publish","type":"page","link":"https:\/\/fum.is\/?page_id=938","title":{"rendered":"2010"},"content":{"rendered":"<p><a href=\"https:\/\/fum.is\/wp-content\/uploads\/2011\/12\/21.desember.pdf\">21. desember 2010<\/a><\/p>\n<p><a href=\"https:\/\/fum.is\/wp-content\/uploads\/2011\/12\/19.oktober.pdf\">19. okt\u00f3ber 2010<\/a><\/p>\n<p><a href=\"https:\/\/fum.is\/wp-content\/uploads\/2011\/12\/29.mars_.pdf\">29. j\u00fan\u00ed 2010<\/a><\/p>\n<p><a href=\"https:\/\/fum.is\/wp-content\/uploads\/2011\/12\/8.mars_.pdf\">8. mars 2010<\/a><\/p>\n","protected":false},"excerpt":{"rendered":"<p>21. desember 2010 19. okt\u00f3ber 2010 29. j\u00fan\u00ed 2010 8. mars 2010<\/p>\n","protected":false},"author":1,"featured_media":0,"parent":267,"menu_order":0,"comment_status":"closed","ping_status":"closed","template":"","meta":{"footnotes":""},"categories":[15],"tags":[],"class_list":["post-938","page","type-page","status-publish","hentry","category-fundargerdir"],"_links":{"self":[{"href":"https:\/\/fum.is\/index.php?rest_route=\/wp\/v2\/pages\/938","targetHints":{"allow":["GET"]}}],"collection":[{"href":"https:\/\/fum.is\/index.php?rest_route=\/wp\/v2\/pages"}],"about":[{"href":"https:\/\/fum.is\/index.php?rest_route=\/wp\/v2\/types\/page"}],"author":[{"embeddable":true,"href":"https:\/\/fum.is\/index.php?rest_route=\/wp\/v2\/users\/1"}],"replies":[{"embeddable":true,"href":"https:\/\/fum.is\/index.php?rest_route=%2Fwp%2Fv2%2Fcomments&post=938"}],"version-history":[{"count":1,"href":"https:\/\/fum.is\/index.php?rest_route=\/wp\/v2\/pages\/938\/revisions"}],"predecessor-version":[{"id":1546,"href":"https:\/\/fum.is\/index.php?rest_route=\/wp\/v2\/pages\/938\/revisions\/1546"}],"up":[{"embeddable":true,"href":"https:\/\/fum.is\/index.php?rest_route=\/wp\/v2\/pages\/267"}],"wp:attachment":[{"href":"https:\/\/fum.is\/index.php?rest_route=%2Fwp%2Fv2%2Fmedia&parent=938"}],"wp:term":[{"taxonomy":"category","embeddable":true,"href":"https:\/\/fum.is\/index.php?rest_route=%2Fwp%2Fv2%2Fcategories&post=938"},{"taxonomy":"post_tag","embeddable":true,"href":"https:\/\/fum.is\/index.php?rest_route=%2Fwp%2Fv2%2Ftags&post=938"}],"curies":[{"name":"wp","href":"https:\/\/api.w.org\/{rel}","templated":true}]}}